{"id":87,"date":"2023-02-24T17:21:07","date_gmt":"2023-02-24T17:21:07","guid":{"rendered":"https:\/\/churrosnumerosos.com\/wordpress\/?page_id=87"},"modified":"2024-03-03T18:16:19","modified_gmt":"2024-03-03T18:16:19","slug":"noticias","status":"publish","type":"page","link":"https:\/\/churrosnumerosos.com\/wordpress\/noticias\/","title":{"rendered":"Noticias"},"content":{"rendered":"\n<div class=\"wp-block-query is-layout-flow wp-block-query-is-layout-flow\"><ul class=\"wp-block-post-template is-layout-flow wp-block-post-template-is-layout-flow\"><li class=\"wp-block-post post-244 post type-post status-publish format-standard has-post-thumbnail hentry category-sin-categoria\">\n<h2 class=\"wp-block-post-title\"><a href=\"https:\/\/churrosnumerosos.com\/wordpress\/2025\/02\/28\/inauguracion-fallas-2025\/\" target=\"_self\" >Horario inauguraci\u00f3n Fallas 2025<\/a><\/h2>\n\n<figure class=\"alignwide wp-block-post-featured-image\"><a href=\"https:\/\/churrosnumerosos.com\/wordpress\/2025\/02\/28\/inauguracion-fallas-2025\/\" target=\"_self\"  ><img loading=\"lazy\" decoding=\"async\" width=\"1080\" height=\"1080\" src=\"https:\/\/churrosnumerosos.com\/wordpress\/wp-content\/uploads\/2025\/02\/horario_inauguracion.jpeg\" class=\"attachment-post-thumbnail size-post-thumbnail wp-post-image\" alt=\"Horario inauguraci\u00f3n Fallas 2025\" style=\"object-fit:cover;\" srcset=\"https:\/\/churrosnumerosos.com\/wordpress\/wp-content\/uploads\/2025\/02\/horario_inauguracion.jpeg 1080w, https:\/\/churrosnumerosos.com\/wordpress\/wp-content\/uploads\/2025\/02\/horario_inauguracion-300x300.jpeg 300w, https:\/\/churrosnumerosos.com\/wordpress\/wp-content\/uploads\/2025\/02\/horario_inauguracion-1024x1024.jpeg 1024w, https:\/\/churrosnumerosos.com\/wordpress\/wp-content\/uploads\/2025\/02\/horario_inauguracion-150x150.jpeg 150w, https:\/\/churrosnumerosos.com\/wordpress\/wp-content\/uploads\/2025\/02\/horario_inauguracion-768x768.jpeg 768w\" sizes=\"auto, (max-width: 1080px) 100vw, 1080px\" \/><\/a><\/figure>\n\n<div class=\"wp-block-post-excerpt\"><p class=\"wp-block-post-excerpt__excerpt\">Tenemos la intenci\u00f3n realizar la Inauguraci\u00f3n Fallas 2025 este domingo 2 de marzo desde las 9:00 hasta las 21:00. La <\/p><\/div>\n\n\n<hr class=\"wp-block-separator has-css-opacity\"\/>\n\n\n<div class=\"wp-block-post-date\"><time datetime=\"2025-02-28T13:24:34+00:00\">28 de febrero de 2025<\/time><\/div>\n<\/li><li class=\"wp-block-post post-233 post type-post status-publish format-standard has-post-thumbnail hentry category-sin-categoria\">\n<h2 class=\"wp-block-post-title\"><a href=\"https:\/\/churrosnumerosos.com\/wordpress\/2025\/02\/27\/volvemos-estas-fallas-2025\/\" target=\"_self\" >Volvemos estas fallas 2025<\/a><\/h2>\n\n<figure class=\"alignwide wp-block-post-featured-image\"><a href=\"https:\/\/churrosnumerosos.com\/wordpress\/2025\/02\/27\/volvemos-estas-fallas-2025\/\" target=\"_self\"  ><img loading=\"lazy\" decoding=\"async\" width=\"1080\" height=\"1350\" src=\"https:\/\/churrosnumerosos.com\/wordpress\/wp-content\/uploads\/2025\/02\/volvemos2025.jpeg\" class=\"attachment-post-thumbnail size-post-thumbnail wp-post-image\" alt=\"Volvemos estas fallas 2025\" style=\"object-fit:cover;\" srcset=\"https:\/\/churrosnumerosos.com\/wordpress\/wp-content\/uploads\/2025\/02\/volvemos2025.jpeg 1080w, https:\/\/churrosnumerosos.com\/wordpress\/wp-content\/uploads\/2025\/02\/volvemos2025-240x300.jpeg 240w, https:\/\/churrosnumerosos.com\/wordpress\/wp-content\/uploads\/2025\/02\/volvemos2025-819x1024.jpeg 819w, https:\/\/churrosnumerosos.com\/wordpress\/wp-content\/uploads\/2025\/02\/volvemos2025-768x960.jpeg 768w\" sizes=\"auto, (max-width: 1080px) 100vw, 1080px\" \/><\/a><\/figure>\n\n<div class=\"wp-block-post-excerpt\"><p class=\"wp-block-post-excerpt__excerpt\">Nos lo hab\u00e9is estado preguntando y os lo confirmamos&#8230; este a\u00f1o, volveremos para fallas&#8230; En cuanto tengamos horarios y\/o alguna <\/p><\/div>\n\n\n<hr class=\"wp-block-separator has-css-opacity\"\/>\n\n\n<div class=\"wp-block-post-date\"><time datetime=\"2025-02-27T16:36:17+00:00\">27 de febrero de 2025<\/time><\/div>\n<\/li><li class=\"wp-block-post post-153 post type-post status-publish format-standard hentry category-sin-categoria\">\n<h2 class=\"wp-block-post-title\"><a href=\"https:\/\/churrosnumerosos.com\/wordpress\/2023\/03\/04\/horario-2023-del-1-al-15-de-marzo\/\" target=\"_self\" >Horario 2023 del 1 al 15 de Marzo<\/a><\/h2>\n\n\n\n<div class=\"wp-block-post-excerpt\"><p class=\"wp-block-post-excerpt__excerpt\">Por motivos familiares, el miercoles 8 de marzo de 2023 la churrer\u00eda permanecer\u00e1 cerrada todo el d\u00eda <\/p><\/div>\n\n\n<hr class=\"wp-block-separator has-css-opacity\"\/>\n\n\n<div class=\"wp-block-post-date\"><time datetime=\"2023-03-04T11:08:47+00:00\">4 de marzo de 2023<\/time><\/div>\n<\/li><\/ul><\/div>\n","protected":false},"excerpt":{"rendered":"","protected":false},"author":1,"featured_media":0,"parent":0,"menu_order":10,"comment_status":"closed","ping_status":"closed","template":"","meta":{"footnotes":""},"class_list":["post-87","page","type-page","status-publish","hentry"],"_links":{"self":[{"href":"https:\/\/churrosnumerosos.com\/wordpress\/wp-json\/wp\/v2\/pages\/87","targetHints":{"allow":["GET"]}}],"collection":[{"href":"https:\/\/churrosnumerosos.com\/wordpress\/wp-json\/wp\/v2\/pages"}],"about":[{"href":"https:\/\/churrosnumerosos.com\/wordpress\/wp-json\/wp\/v2\/types\/page"}],"author":[{"embeddable":true,"href":"https:\/\/churrosnumerosos.com\/wordpress\/wp-json\/wp\/v2\/users\/1"}],"replies":[{"embeddable":true,"href":"https:\/\/churrosnumerosos.com\/wordpress\/wp-json\/wp\/v2\/comments?post=87"}],"version-history":[{"count":1,"href":"https:\/\/churrosnumerosos.com\/wordpress\/wp-json\/wp\/v2\/pages\/87\/revisions"}],"predecessor-version":[{"id":88,"href":"https:\/\/churrosnumerosos.com\/wordpress\/wp-json\/wp\/v2\/pages\/87\/revisions\/88"}],"wp:attachment":[{"href":"https:\/\/churrosnumerosos.com\/wordpress\/wp-json\/wp\/v2\/media?parent=87"}],"curies":[{"name":"wp","href":"https:\/\/api.w.org\/{rel}","templated":true}]}}