{"id":63,"date":"2023-02-24T16:57:37","date_gmt":"2023-02-24T16:57:37","guid":{"rendered":"https:\/\/churrosnumerosos.com\/wordpress\/?page_id=63"},"modified":"2024-02-24T11:06:07","modified_gmt":"2024-02-24T11:06:07","slug":"inicio","status":"publish","type":"page","link":"https:\/\/churrosnumerosos.com\/wordpress\/","title":{"rendered":"Inicio"},"content":{"rendered":"<div class=\"free align wp-block-bicb-carousel\" id='bicbCarousel-1' data-attributes='{&quot;cId&quot;:&quot;4f669254-4&quot;,&quot;carousels&quot;:[{&quot;image&quot;:{&quot;id&quot;:43,&quot;url&quot;:&quot;https:\\\/\\\/churrosnumerosos.com\\\/wordpress\\\/wp-content\\\/uploads\\\/2023\\\/02\\\/98bd35dc382ea87a665584fc3ef12332_gallery.jpg&quot;,&quot;alt&quot;:&quot;&quot;,&quot;title&quot;:&quot;98bd35dc382ea87a665584fc3ef12332_gallery&quot;}},{&quot;image&quot;:{&quot;id&quot;:40,&quot;url&quot;:&quot;https:\\\/\\\/churrosnumerosos.com\\\/wordpress\\\/wp-content\\\/uploads\\\/2023\\\/02\\\/9dc72641294e87771aae12e73b9b4e47_gallery.jpg&quot;,&quot;alt&quot;:&quot;&quot;,&quot;title&quot;:&quot;9dc72641294e87771aae12e73b9b4e47_gallery&quot;}},{&quot;image&quot;:{&quot;id&quot;:35,&quot;url&quot;:&quot;https:\\\/\\\/churrosnumerosos.com\\\/wordpress\\\/wp-content\\\/uploads\\\/2023\\\/02\\\/4bcbda5aeadbf9b9de0f7e69fb3816bf_gallery.jpg&quot;,&quot;alt&quot;:&quot;&quot;,&quot;title&quot;:&quot;4bcbda5aeadbf9b9de0f7e69fb3816bf_gallery&quot;}},{&quot;image&quot;:{&quot;id&quot;:34,&quot;url&quot;:&quot;https:\\\/\\\/churrosnumerosos.com\\\/wordpress\\\/wp-content\\\/uploads\\\/2023\\\/02\\\/1ecf0093d44ac503b065eb321ae9688f_gallery.jpg&quot;,&quot;alt&quot;:&quot;&quot;,&quot;title&quot;:&quot;1ecf0093d44ac503b065eb321ae9688f_gallery&quot;}},{&quot;image&quot;:{&quot;id&quot;:37,&quot;url&quot;:&quot;https:\\\/\\\/churrosnumerosos.com\\\/wordpress\\\/wp-content\\\/uploads\\\/2023\\\/02\\\/7cb64a16aff47d69db71b775e1d0689d_210x360.jpg&quot;,&quot;alt&quot;:&quot;&quot;,&quot;title&quot;:&quot;7cb64a16aff47d69db71b775e1d0689d_210x360&quot;}},{&quot;image&quot;:{&quot;id&quot;:52,&quot;url&quot;:&quot;https:\\\/\\\/churrosnumerosos.com\\\/wordpress\\\/wp-content\\\/uploads\\\/2023\\\/02\\\/07732978e4678e211a38843449ba2fe7_210x279.jpg&quot;,&quot;alt&quot;:&quot;&quot;,&quot;title&quot;:&quot;07732978e4678e211a38843449ba2fe7_210x279&quot;}},{&quot;image&quot;:{&quot;id&quot;:59,&quot;url&quot;:&quot;https:\\\/\\\/churrosnumerosos.com\\\/wordpress\\\/wp-content\\\/uploads\\\/2023\\\/02\\\/ffb13b038b636b640b46b4f4c0ebbe89_226x280.jpg&quot;,&quot;alt&quot;:&quot;&quot;,&quot;title&quot;:&quot;ffb13b038b636b640b46b4f4c0ebbe89_226x280&quot;}},{&quot;image&quot;:{&quot;id&quot;:32,&quot;url&quot;:&quot;https:\\\/\\\/churrosnumerosos.com\\\/wordpress\\\/wp-content\\\/uploads\\\/2023\\\/02\\\/0c89d9a7428ed68cdbe43f8ca75bfc34_gallery.jpg&quot;,&quot;alt&quot;:&quot;&quot;,&quot;title&quot;:&quot;0c89d9a7428ed68cdbe43f8ca75bfc34_gallery&quot;}}],&quot;background&quot;:{&quot;color&quot;:&quot;#0000&quot;,&quot;type&quot;:&quot;solid&quot;,&quot;gradient&quot;:&quot;linear-gradient(135deg, #4527a4, #8344c5)&quot;,&quot;image&quot;:[],&quot;position&quot;:&quot;center center&quot;,&quot;attachment&quot;:&quot;initial&quot;,&quot;repeat&quot;:&quot;no-repeat&quot;,&quot;size&quot;:&quot;cover&quot;,&quot;overlayColor&quot;:&quot;#000000b3&quot;,&quot;styles&quot;:&quot;background: #0000;&quot;},&quot;padding&quot;:{&quot;vertical&quot;:&quot;10px&quot;,&quot;horizontal&quot;:&quot;16px&quot;,&quot;side&quot;:2,&quot;top&quot;:&quot;0px&quot;,&quot;right&quot;:&quot;0px&quot;,&quot;bottom&quot;:&quot;0px&quot;,&quot;left&quot;:&quot;0px&quot;,&quot;styles&quot;:&quot;10px 16px&quot;},&quot;align&quot;:&quot;&quot;,&quot;width&quot;:{&quot;desktop&quot;:&quot;100%&quot;,&quot;tablet&quot;:&quot;100%&quot;,&quot;mobile&quot;:&quot;100%&quot;},&quot;height&quot;:{&quot;desktop&quot;:&quot;&quot;,&quot;tablet&quot;:&quot;&quot;,&quot;mobile&quot;:&quot;&quot;},&quot;elements&quot;:{&quot;linkNewTab&quot;:false,&quot;linkOn&quot;:&quot;image&quot;},&quot;alignment&quot;:&quot;center&quot;,&quot;carouselOptions&quot;:{&quot;columns&quot;:{&quot;desktop&quot;:3,&quot;tablet&quot;:2,&quot;mobile&quot;:1},&quot;columnGap&quot;:30,&quot;isLoop&quot;:true,&quot;allowTouchMove&quot;:false,&quot;speed&quot;:1.5,&quot;autoplayOptions&quot;:{&quot;enabled&quot;:true,&quot;delay&quot;:1.5,&quot;disableOnInteraction&quot;:false,&quot;reverseDirection&quot;:false,&quot;pauseOnMouseEnter&quot;:false,&quot;stopOnLastSlide&quot;:false},&quot;freeMode&quot;:{&quot;enabled&quot;:false,&quot;sticky&quot;:false},&quot;effect&quot;:&quot;slide&quot;,&quot;mousewheel&quot;:{&quot;enabled&quot;:false},&quot;pagination&quot;:{&quot;inTablet&quot;:true,&quot;inMobile&quot;:true,&quot;clickable&quot;:true,&quot;dynamicBullets&quot;:false,&quot;border&quot;:[]},&quot;navigation&quot;:{&quot;inTablet&quot;:true,&quot;inMobile&quot;:true}},&quot;isPage&quot;:true,&quot;pageSize&quot;:&quot;12px&quot;,&quot;pageColor&quot;:&quot;#4527a4&quot;,&quot;isPrevNext&quot;:true,&quot;prevNextSize&quot;:&quot;25px&quot;,&quot;prevNextColor&quot;:&quot;#fff&quot;,&quot;image&quot;:{&quot;width&quot;:&quot;100%&quot;},&quot;caption&quot;:{&quot;display&quot;:&quot;none&quot;,&quot;position&quot;:&quot;onImage&quot;,&quot;verticalAlign&quot;:&quot;bottom&quot;,&quot;typo&quot;:{&quot;fontSize&quot;:{&quot;desktop&quot;:16,&quot;tablet&quot;:15,&quot;mobile&quot;:15}},&quot;textAlign&quot;:&quot;left&quot;,&quot;colors&quot;:{&quot;color&quot;:&quot;#fff&quot;,&quot;bg&quot;:&quot;#0000&quot;},&quot;overlay&quot;:{&quot;type&quot;:&quot;gradient&quot;,&quot;gradient&quot;:&quot;linear-gradient(0deg, #000 0%, #0000 50%, #0000 100%)&quot;},&quot;padding&quot;:{&quot;top&quot;:&quot;5px&quot;,&quot;right&quot;:&quot;8px&quot;,&quot;bottom&quot;:&quot;5px&quot;,&quot;left&quot;:&quot;8px&quot;}}}'><\/div>\n\n\n<div class=\"wp-block-columns is-layout-flex wp-container-core-columns-is-layout-28f84493 wp-block-columns-is-layout-flex\">\n<div class=\"wp-block-column is-layout-flow wp-block-column-is-layout-flow\" style=\"flex-basis:25%\">\n<figure class=\"wp-block-image size-full is-resized\"><img loading=\"lazy\" decoding=\"async\" width=\"185\" height=\"340\" src=\"https:\/\/churrosnumerosos.com\/wordpress\/wp-content\/uploads\/2023\/02\/cba157ece9a15c584764f43206358d69_760x340.jpg\" alt=\"\" class=\"wp-image-54\" style=\"width:93px;height:170px\" srcset=\"https:\/\/churrosnumerosos.com\/wordpress\/wp-content\/uploads\/2023\/02\/cba157ece9a15c584764f43206358d69_760x340.jpg 185w, https:\/\/churrosnumerosos.com\/wordpress\/wp-content\/uploads\/2023\/02\/cba157ece9a15c584764f43206358d69_760x340-163x300.jpg 163w\" sizes=\"auto, (max-width: 185px) 100vw, 185px\" \/><\/figure>\n<\/div>\n\n\n\n<div class=\"wp-block-column is-layout-flow wp-block-column-is-layout-flow\" style=\"flex-basis:50%\">\n<p><em>\u00a1\u00a1\u00a1Ya se escuchan las masclet\u00e1s!!! <\/em><\/p>\n\n\n\n<p><em>\u00bf\u00bfSab\u00e9is que quiere decir eso??<\/em><\/p>\n\n\n\n<p><em> Que en churrosnumerosos estamos a vuestra disposici\u00f3n y contamos con vuestra visita, que ya pod\u00e9is disfrutar de unos riqu\u00edsimos churros y bu\u00f1uelos <strong>SIN GLUTEN<\/strong>, elaborados artesanalmente en nuestro remolque, fritos en <strong>aceite de oliva<\/strong> y hechos con todo nuestro cari\u00f1o <\/em><\/p>\n\n\n\n<p><em>Sabemos lo dif\u00edcil que es encontrar productos sin gluten, especialmente Churros y Bu\u00f1uelos, as\u00ed que aprovechad las fallas para disfrutar de nuestros Churros, Bu\u00f1uelos y Chocolate sin gluten garantizados y certificados por ACECOVA.<\/em> <\/p>\n\n\n\n<p><em>Para<\/em> que no <em>os perd\u00e1is esta experiencia en las fallas de Valencia, venid a disfrutar este placer gastron\u00f3mico&nbsp;<strong>en la Calle Jes\u00fas N\u00famero 41 (cruce con Pintor Benedito).<\/strong><\/em> (<a href=\"https:\/\/churrosnumerosos.com\/wordpress\/encuentranos\/\" data-type=\"page\" data-id=\"27\">Encu\u00e9ntranos<\/a>)<\/p>\n\n\n\n<p><em>\u00a1\u00a1\u00a1Os esperamos!!!<\/em><\/p>\n<\/div>\n\n\n\n<div class=\"wp-block-column is-layout-flow wp-block-column-is-layout-flow\" style=\"flex-basis:25%\">\n<figure class=\"wp-block-image size-full is-resized\"><img loading=\"lazy\" decoding=\"async\" width=\"183\" height=\"198\" src=\"https:\/\/churrosnumerosos.com\/wordpress\/wp-content\/uploads\/2023\/02\/8179e44c13aa51b5072cfd9b028c3d09_183x198.jpg\" alt=\"\" class=\"wp-image-49\" style=\"width:92px;height:99px\"\/><\/figure>\n<\/div>\n<\/div>\n\n\n\n<figure class=\"wp-block-image aligncenter size-full\"><img loading=\"lazy\" decoding=\"async\" width=\"380\" height=\"293\" src=\"https:\/\/churrosnumerosos.com\/wordpress\/wp-content\/uploads\/2023\/02\/231c6b2834970d48838181a4ac54907e_380x410.jpg\" alt=\"\" class=\"wp-image-45\" srcset=\"https:\/\/churrosnumerosos.com\/wordpress\/wp-content\/uploads\/2023\/02\/231c6b2834970d48838181a4ac54907e_380x410.jpg 380w, https:\/\/churrosnumerosos.com\/wordpress\/wp-content\/uploads\/2023\/02\/231c6b2834970d48838181a4ac54907e_380x410-300x231.jpg 300w\" sizes=\"auto, (max-width: 380px) 100vw, 380px\" \/><\/figure>\n\n\n\n<center><iframe loading=\"lazy\" width=\"300\" height=\"150\" style=\"width: 300px; height: 150px;\" scrolling=\"no\" allowtransparency=\"true\" src=\"https:\/\/www.facebook.com\/plugins\/likebox.php?href=https%3A%2F%2Fwww.facebook.com%2FChurrosNumerosos&amp;locale=en_US&amp;show_faces=true&amp;stream=false&amp;header=true&amp;width=300&amp;height=150&amp;colorscheme=light\" frameborder=\"0\"><\/iframe><\/center>\n\n\n\n<center><iframe loading=\"lazy\" width=\"300\" height=\"300\" style=\"width: 300px; height: 300px;\" scrolling=\"yes\" allowtransparency=\"true\" src=\"https:\/\/www.instagram.com\/churrosnumerosos\/embed\" frameborder=\"0\"><\/iframe><\/center>\n","protected":false},"excerpt":{"rendered":"<p>\u00a1\u00a1\u00a1Ya se escuchan las masclet\u00e1s!!! \u00bf\u00bfSab\u00e9is que quiere decir eso?? Que en churrosnumerosos estamos a vuestra disposici\u00f3n y contamos con<\/p>\n","protected":false},"author":1,"featured_media":0,"parent":0,"menu_order":1,"comment_status":"closed","ping_status":"closed","template":"","meta":{"footnotes":""},"class_list":["post-63","page","type-page","status-publish","hentry"],"_links":{"self":[{"href":"https:\/\/churrosnumerosos.com\/wordpress\/wp-json\/wp\/v2\/pages\/63","targetHints":{"allow":["GET"]}}],"collection":[{"href":"https:\/\/churrosnumerosos.com\/wordpress\/wp-json\/wp\/v2\/pages"}],"about":[{"href":"https:\/\/churrosnumerosos.com\/wordpress\/wp-json\/wp\/v2\/types\/page"}],"author":[{"embeddable":true,"href":"https:\/\/churrosnumerosos.com\/wordpress\/wp-json\/wp\/v2\/users\/1"}],"replies":[{"embeddable":true,"href":"https:\/\/churrosnumerosos.com\/wordpress\/wp-json\/wp\/v2\/comments?post=63"}],"version-history":[{"count":11,"href":"https:\/\/churrosnumerosos.com\/wordpress\/wp-json\/wp\/v2\/pages\/63\/revisions"}],"predecessor-version":[{"id":197,"href":"https:\/\/churrosnumerosos.com\/wordpress\/wp-json\/wp\/v2\/pages\/63\/revisions\/197"}],"wp:attachment":[{"href":"https:\/\/churrosnumerosos.com\/wordpress\/wp-json\/wp\/v2\/media?parent=63"}],"curies":[{"name":"wp","href":"https:\/\/api.w.org\/{rel}","templated":true}]}}