{"id":31,"date":"2023-02-24T16:53:11","date_gmt":"2023-02-24T16:53:11","guid":{"rendered":"https:\/\/churrosnumerosos.com\/wordpress\/?page_id=31"},"modified":"2024-03-03T18:16:19","modified_gmt":"2024-03-03T18:16:19","slug":"las-fallas-de-valencia","status":"publish","type":"page","link":"https:\/\/churrosnumerosos.com\/wordpress\/las-fallas-de-valencia\/","title":{"rendered":"Las Fallas de Valencia"},"content":{"rendered":"\n<p>Las&nbsp;Fallas&nbsp;son unas fiestas que se celebran del&nbsp;15&nbsp;al&nbsp;19 de Marzo, con una tradici\u00f3n arraigada en la ciudad de&nbsp;Valencia&nbsp;y diferentes poblaciones de la&nbsp;Comunidad Valenciana. Oficialmente empiezan el \u00faltimo domingo de febrero con el acto de la&nbsp;Crida.<\/p>\n\n\n\n<p>Esta festividad se ha convertido en un atractivo tur\u00edstico muy importante, y&nbsp;est\u00e1n catalogadas como&nbsp;fiesta de Inter\u00e9s Tur\u00edstico Internacional. Tambi\u00e9n son llamadas&nbsp;fiestas josefinas&nbsp;o&nbsp;festes de Sant Josep, ya que se celebran en honor de&nbsp;San Jos\u00e9, patr\u00f3n de los carpinteros.<\/p>\n\n\n\n<p>Los artistas y artesanos, carpinteros, pintores y escultores se dedican durante meses a construir monumentos que las diferentes comisiones contratan. Las fallas se instalan en la calle con gr\u00faas el 15 de marzo. Por la noche, el d\u00eda de&nbsp;la plant\u00e0&nbsp;se planta el monumento infantil en los pueblos. En Valencia Capital se plantan el 14. El acto en el que se quema la falla se denomina&nbsp;la crem\u00e0.<\/p>\n\n\n\n<p>Como complemento a los letreros, algunas comisiones realizan el \u00abllibret de la s\u00e1tira\u00bb, en el que se explica mediante versos sat\u00edricos el contenido de la falla. Este g\u00e9nero se inici\u00f3 en el siglo XIX con el autor&nbsp;suecano&nbsp;Bernat i Baldov\u00ed, y experiment\u00f3 su m\u00e1ximo auge en los a\u00f1os 50 y 60 del siglo XX, gracias a autores como&nbsp;Emili Panach&nbsp;o&nbsp;Jos\u00e9 Bea Izquierdo. Y esta tradici\u00f3n ha llegado a ser tan importante que incluso tiene su propia categor\u00eda en la secci\u00f3n de premios. Cada a\u00f1o, se otorgan diferentes galardones a los llibres seg\u00fan categor\u00edas y criterios, en lo que hace referencia al dise\u00f1o, informaci\u00f3n que contiene, originalidad, etc. Por lo que el \u00abllibret\u00bb es un elemento m\u00e1s del mundo fallero, en el que muchas personas, al igual que en el monumento, ponen su empe\u00f1o para crear el mejor producto y, si es posible, recoger uno de los premios con toda la comisi\u00f3n.<\/p>\n\n\n<div class=\"free align wp-block-bicb-carousel\" id='bicbCarousel-1' data-attributes='{&quot;cId&quot;:&quot;b1bb1794-6&quot;,&quot;carousels&quot;:[{&quot;image&quot;:{&quot;id&quot;:38,&quot;url&quot;:&quot;https:\\\/\\\/churrosnumerosos.com\\\/wordpress\\\/wp-content\\\/uploads\\\/2023\\\/02\\\/7f948dc5e221c663ec3e0f0f64ca6cf2_gallery.jpg&quot;,&quot;alt&quot;:&quot;&quot;,&quot;title&quot;:&quot;7f948dc5e221c663ec3e0f0f64ca6cf2_gallery&quot;}},{&quot;image&quot;:{&quot;id&quot;:58,&quot;url&quot;:&quot;https:\\\/\\\/churrosnumerosos.com\\\/wordpress\\\/wp-content\\\/uploads\\\/2023\\\/02\\\/fc1cff3e63c057d0fa480c18006831d9_gallery.jpg&quot;,&quot;alt&quot;:&quot;&quot;,&quot;title&quot;:&quot;fc1cff3e63c057d0fa480c18006831d9_gallery&quot;}},{&quot;image&quot;:{&quot;id&quot;:50,&quot;url&quot;:&quot;https:\\\/\\\/churrosnumerosos.com\\\/wordpress\\\/wp-content\\\/uploads\\\/2023\\\/02\\\/063509a6a9e09b93f95ca307daff9660_gallery.jpg&quot;,&quot;alt&quot;:&quot;&quot;,&quot;title&quot;:&quot;063509a6a9e09b93f95ca307daff9660_gallery&quot;}},{&quot;image&quot;:{&quot;id&quot;:36,&quot;url&quot;:&quot;https:\\\/\\\/churrosnumerosos.com\\\/wordpress\\\/wp-content\\\/uploads\\\/2023\\\/02\\\/06fee4eabf11befb4c1e3e6e3e75cbab_gallery.jpg&quot;,&quot;alt&quot;:&quot;&quot;,&quot;title&quot;:&quot;06fee4eabf11befb4c1e3e6e3e75cbab_gallery&quot;}}],&quot;carouselOptions&quot;:{&quot;columns&quot;:{&quot;desktop&quot;:1,&quot;tablet&quot;:2,&quot;mobile&quot;:1},&quot;columnGap&quot;:30,&quot;isLoop&quot;:true,&quot;speed&quot;:1.5,&quot;autoplayOptions&quot;:{&quot;enabled&quot;:true}},&quot;align&quot;:&quot;&quot;,&quot;width&quot;:{&quot;desktop&quot;:&quot;100%&quot;,&quot;tablet&quot;:&quot;100%&quot;,&quot;mobile&quot;:&quot;100%&quot;},&quot;height&quot;:{&quot;desktop&quot;:&quot;&quot;,&quot;tablet&quot;:&quot;&quot;,&quot;mobile&quot;:&quot;&quot;},&quot;elements&quot;:{&quot;linkNewTab&quot;:false,&quot;linkOn&quot;:&quot;image&quot;},&quot;alignment&quot;:&quot;center&quot;,&quot;background&quot;:{&quot;color&quot;:&quot;#0000&quot;},&quot;padding&quot;:{&quot;vertical&quot;:&quot;30px&quot;,&quot;horizontal&quot;:&quot;10px&quot;},&quot;isPage&quot;:true,&quot;pageSize&quot;:&quot;12px&quot;,&quot;pageColor&quot;:&quot;#4527a4&quot;,&quot;isPrevNext&quot;:true,&quot;prevNextSize&quot;:&quot;25px&quot;,&quot;prevNextColor&quot;:&quot;#fff&quot;,&quot;image&quot;:{&quot;width&quot;:&quot;100%&quot;},&quot;caption&quot;:{&quot;display&quot;:&quot;none&quot;,&quot;position&quot;:&quot;onImage&quot;,&quot;verticalAlign&quot;:&quot;bottom&quot;,&quot;typo&quot;:{&quot;fontSize&quot;:{&quot;desktop&quot;:16,&quot;tablet&quot;:15,&quot;mobile&quot;:15}},&quot;textAlign&quot;:&quot;left&quot;,&quot;colors&quot;:{&quot;color&quot;:&quot;#fff&quot;,&quot;bg&quot;:&quot;#0000&quot;},&quot;overlay&quot;:{&quot;type&quot;:&quot;gradient&quot;,&quot;gradient&quot;:&quot;linear-gradient(0deg, #000 0%, #0000 50%, #0000 100%)&quot;},&quot;padding&quot;:{&quot;top&quot;:&quot;5px&quot;,&quot;right&quot;:&quot;8px&quot;,&quot;bottom&quot;:&quot;5px&quot;,&quot;left&quot;:&quot;8px&quot;}}}'><\/div>","protected":false},"excerpt":{"rendered":"<p>Las&nbsp;Fallas&nbsp;son unas fiestas que se celebran del&nbsp;15&nbsp;al&nbsp;19 de Marzo, con una tradici\u00f3n arraigada en la ciudad de&nbsp;Valencia&nbsp;y diferentes poblaciones de<\/p>\n","protected":false},"author":1,"featured_media":0,"parent":0,"menu_order":9,"comment_status":"closed","ping_status":"closed","template":"","meta":{"footnotes":""},"class_list":["post-31","page","type-page","status-publish","hentry"],"_links":{"self":[{"href":"https:\/\/churrosnumerosos.com\/wordpress\/wp-json\/wp\/v2\/pages\/31","targetHints":{"allow":["GET"]}}],"collection":[{"href":"https:\/\/churrosnumerosos.com\/wordpress\/wp-json\/wp\/v2\/pages"}],"about":[{"href":"https:\/\/churrosnumerosos.com\/wordpress\/wp-json\/wp\/v2\/types\/page"}],"author":[{"embeddable":true,"href":"https:\/\/churrosnumerosos.com\/wordpress\/wp-json\/wp\/v2\/users\/1"}],"replies":[{"embeddable":true,"href":"https:\/\/churrosnumerosos.com\/wordpress\/wp-json\/wp\/v2\/comments?post=31"}],"version-history":[{"count":1,"href":"https:\/\/churrosnumerosos.com\/wordpress\/wp-json\/wp\/v2\/pages\/31\/revisions"}],"predecessor-version":[{"id":60,"href":"https:\/\/churrosnumerosos.com\/wordpress\/wp-json\/wp\/v2\/pages\/31\/revisions\/60"}],"wp:attachment":[{"href":"https:\/\/churrosnumerosos.com\/wordpress\/wp-json\/wp\/v2\/media?parent=31"}],"curies":[{"name":"wp","href":"https:\/\/api.w.org\/{rel}","templated":true}]}}