{"id":25,"date":"2023-02-24T10:04:50","date_gmt":"2023-02-24T10:04:50","guid":{"rendered":"https:\/\/churrosnumerosos.com\/wordpress\/?page_id=25"},"modified":"2026-03-14T12:45:30","modified_gmt":"2026-03-14T12:45:30","slug":"nuestros-precios","status":"publish","type":"page","link":"https:\/\/churrosnumerosos.com\/wordpress\/nuestros-precios\/","title":{"rendered":"Nuestros precios"},"content":{"rendered":"\n<figure class=\"wp-block-table alignwide\" style=\"font-style:normal;font-weight:500\"><table><thead><tr><th class=\"has-text-align-center\" data-align=\"center\">Cantidad<\/th><th class=\"has-text-align-center\" data-align=\"center\">Churros<\/th><th class=\"has-text-align-center\" data-align=\"center\">Bu\u00f1uelos<\/th><th class=\"has-text-align-center\" data-align=\"center\">Chocolate<\/th><th class=\"has-text-align-center\" data-align=\"center\">Chocolate Sin Lactosa<\/th><\/tr><\/thead><tbody><tr><td class=\"has-text-align-center\" data-align=\"center\"><\/td><td class=\"has-text-align-center\" data-align=\"center\"><img loading=\"lazy\" decoding=\"async\" width=\"150\" height=\"133\" class=\"wp-image-23\" style=\"width: 150px;\" src=\"https:\/\/churrosnumerosos.com\/wordpress\/wp-content\/uploads\/2023\/02\/churros.jpg\" alt=\"\"><\/td><td class=\"has-text-align-center\" data-align=\"center\"><img loading=\"lazy\" decoding=\"async\" width=\"150\" height=\"125\" class=\"wp-image-22\" style=\"width: 150px;\" src=\"https:\/\/churrosnumerosos.com\/wordpress\/wp-content\/uploads\/2023\/02\/bunuelos.jpg\" alt=\"\"><\/td><td class=\"has-text-align-center\" data-align=\"center\"><img loading=\"lazy\" decoding=\"async\" width=\"150\" height=\"129\" class=\"wp-image-21\" style=\"width: 150px;\" src=\"https:\/\/churrosnumerosos.com\/wordpress\/wp-content\/uploads\/2023\/02\/chocolate.jpg\" alt=\"\"><\/td><td class=\"has-text-align-center\" data-align=\"center\"> <img loading=\"lazy\" decoding=\"async\" width=\"150\" height=\"130\" class=\"wp-image-258\" style=\"width: 150px;\" src=\"https:\/\/churrosnumerosos.com\/wordpress\/wp-content\/uploads\/2025\/03\/choco_sinlac_taza.jpeg\" alt=\"\" srcset=\"https:\/\/churrosnumerosos.com\/wordpress\/wp-content\/uploads\/2025\/03\/choco_sinlac_taza.jpeg 1080w, https:\/\/churrosnumerosos.com\/wordpress\/wp-content\/uploads\/2025\/03\/choco_sinlac_taza-300x259.jpeg 300w, https:\/\/churrosnumerosos.com\/wordpress\/wp-content\/uploads\/2025\/03\/choco_sinlac_taza-1024x886.jpeg 1024w, https:\/\/churrosnumerosos.com\/wordpress\/wp-content\/uploads\/2025\/03\/choco_sinlac_taza-768x664.jpeg 768w\" sizes=\"auto, (max-width: 150px) 100vw, 150px\" \/><\/td><\/tr><tr><td class=\"has-text-align-center\" data-align=\"center\">1 Unidad<\/td><td class=\"has-text-align-center\" data-align=\"center\">0,80 \u20ac<\/td><td class=\"has-text-align-center\" data-align=\"center\">1,00\u20ac<\/td><td class=\"has-text-align-center\" data-align=\"center\"><\/td><td class=\"has-text-align-center\" data-align=\"center\"><\/td><\/tr><tr><td class=\"has-text-align-center\" data-align=\"center\">1\/2 Docena (6 uds)<\/td><td class=\"has-text-align-center\" data-align=\"center\">4,50 \u20ac<\/td><td class=\"has-text-align-center\" data-align=\"center\">5,00 \u20ac<\/td><td class=\"has-text-align-center\" data-align=\"center\"><\/td><td class=\"has-text-align-center\" data-align=\"center\"><\/td><\/tr><tr><td class=\"has-text-align-center\" data-align=\"center\">1 Docena (12 uds)<\/td><td class=\"has-text-align-center\" data-align=\"center\">9,00 \u20ac<\/td><td class=\"has-text-align-center\" data-align=\"center\">10,00 \u20ac<\/td><td class=\"has-text-align-center\" data-align=\"center\"><\/td><td class=\"has-text-align-center\" data-align=\"center\"><\/td><\/tr><tr><td class=\"has-text-align-center\" data-align=\"center\">1 Vaso<\/td><td class=\"has-text-align-center\" data-align=\"center\"><\/td><td class=\"has-text-align-center\" data-align=\"center\"><\/td><td class=\"has-text-align-center\" data-align=\"center\">3,00 \u20ac<\/td><td class=\"has-text-align-center\" data-align=\"center\">3,50 \u20ac<\/td><\/tr><tr><td class=\"has-text-align-center\" data-align=\"center\">1\/2 litro<\/td><td class=\"has-text-align-center\" data-align=\"center\"><\/td><td class=\"has-text-align-center\" data-align=\"center\"><\/td><td class=\"has-text-align-center\" data-align=\"center\">6,00 \u20ac<\/td><td class=\"has-text-align-center\" data-align=\"center\">6,50 \u20ac<\/td><\/tr><tr><td class=\"has-text-align-center\" data-align=\"center\">1 Litro<\/td><td class=\"has-text-align-center\" data-align=\"center\"><\/td><td class=\"has-text-align-center\" data-align=\"center\"><\/td><td class=\"has-text-align-center\" data-align=\"center\">10,00 \u20ac<\/td><td class=\"has-text-align-center\" data-align=\"center\">12,00 \u20ac<\/td><\/tr><\/tbody><\/table><\/figure>\n\n\n\n<p>Llev\u00e1bamos desde el a\u00f1o 2007 con los mismos precios, pese a costar bastante mas la materia prima por el hecho de que son Sin Gluten. Hemos hecho el esfuerzo durante estos a\u00f1os en solidaridad a todo el colectivo de personas cel\u00edacas o con intolerancia al gluten, pero este a\u00f1o nos es imposible mantenerlos y los hemos tenido que incrementar acorde al precio de las materias primas y el aceite de oliva en el que fre\u00edmos nuestros churros y bu\u00f1uelos artesanos sin gluten.<\/p>\n\n\n\n<p>Lamentamos las molestias que esto os pueda causar, pero la alternativa ser\u00eda no poder atenderos.<\/p>\n","protected":false},"excerpt":{"rendered":"<p>Cantidad Churros Bu\u00f1uelos Chocolate Chocolate Sin Lactosa 1 Unidad 0,80 \u20ac 1,00\u20ac 1\/2 Docena (6 uds) 4,50 \u20ac 5,00 \u20ac<\/p>\n","protected":false},"author":1,"featured_media":0,"parent":0,"menu_order":8,"comment_status":"closed","ping_status":"closed","template":"","meta":{"footnotes":""},"class_list":["post-25","page","type-page","status-publish","hentry"],"_links":{"self":[{"href":"https:\/\/churrosnumerosos.com\/wordpress\/wp-json\/wp\/v2\/pages\/25","targetHints":{"allow":["GET"]}}],"collection":[{"href":"https:\/\/churrosnumerosos.com\/wordpress\/wp-json\/wp\/v2\/pages"}],"about":[{"href":"https:\/\/churrosnumerosos.com\/wordpress\/wp-json\/wp\/v2\/types\/page"}],"author":[{"embeddable":true,"href":"https:\/\/churrosnumerosos.com\/wordpress\/wp-json\/wp\/v2\/users\/1"}],"replies":[{"embeddable":true,"href":"https:\/\/churrosnumerosos.com\/wordpress\/wp-json\/wp\/v2\/comments?post=25"}],"version-history":[{"count":6,"href":"https:\/\/churrosnumerosos.com\/wordpress\/wp-json\/wp\/v2\/pages\/25\/revisions"}],"predecessor-version":[{"id":270,"href":"https:\/\/churrosnumerosos.com\/wordpress\/wp-json\/wp\/v2\/pages\/25\/revisions\/270"}],"wp:attachment":[{"href":"https:\/\/churrosnumerosos.com\/wordpress\/wp-json\/wp\/v2\/media?parent=25"}],"curies":[{"name":"wp","href":"https:\/\/api.w.org\/{rel}","templated":true}]}}